{"id":5879,"date":"2026-03-25T18:13:45","date_gmt":"2026-03-25T17:13:45","guid":{"rendered":"https:\/\/lernen-perfekt.de\/?page_id=5879"},"modified":"2026-03-26T17:15:43","modified_gmt":"2026-03-26T16:15:43","slug":"unser-team-unsere-struktur","status":"publish","type":"page","link":"https:\/\/cocoon-verein.de\/tr\/unser-team-unsere-struktur\/","title":{"rendered":"Ekibimiz ve Kurumsal Yap\u0131m\u0131z"},"content":{"rendered":"<div data-elementor-type=\"wp-page\" data-elementor-id=\"5879\" class=\"elementor elementor-5879\" data-elementor-post-type=\"page\">\n\t\t\t\t<div class=\"elementor-element elementor-element-d63ce24 e-flex e-con-boxed e-con e-parent\" data-id=\"d63ce24\" data-element_type=\"container\" data-e-type=\"container\">\n\t\t\t\t\t<div class=\"e-con-inner\">\n\t\t\t\t<div class=\"elementor-element elementor-element-2c7f39b elementor-widget elementor-widget-title\" data-id=\"2c7f39b\" data-element_type=\"widget\" data-e-type=\"widget\" data-widget_type=\"title.default\">\n\t\t\t\t<div class=\"elementor-widget-container\">\n\t\t\t\t\t        <div class=\"theme-title style-1  text-center\">\r\n                            <div class=\"ht-subtitle\"><h6>Ekibimiz ve Yap\u0131m\u0131z<\/h6><\/div>\r\n                        <h2 class=\"text-anime-style\"><\/h2>\r\n            <div><p class=\"translation-block\"><b>Cocoon Gen\u00e7lik ve Aile Destek Derne\u011fi\u2019nde <\/b><u>oda\u011f\u0131m\u0131zda insan vard\u0131r <\/u><br>\u2013 hem e\u015flik etti\u011fimiz \u00e7ocuklar ve gen\u00e7ler hem de \u00e7al\u0131\u015fanlar\u0131m\u0131z i\u00e7in <br>Ekibimiz, mesleki uzmanl\u0131k, gen\u00e7lik yard\u0131m\u0131 alan\u0131ndaki deneyim ve sayg\u0131 ile kat\u0131l\u0131m temelli bir yakla\u015f\u0131mla hareket eden bir anlay\u0131\u015f\u0131 bir araya getirir.<\/p><\/div>\r\n        <\/div>\r\n        \t\t\t\t<\/div>\n\t\t\t\t<\/div>\n\t\t\t\t\t<\/div>\n\t\t\t\t<\/div>\n\t\t<div class=\"elementor-element elementor-element-7b9ec13 e-flex e-con-boxed e-con e-parent\" data-id=\"7b9ec13\" data-element_type=\"container\" data-e-type=\"container\">\n\t\t\t\t\t<div class=\"e-con-inner\">\n\t\t\t\t<div class=\"elementor-element elementor-element-d03b1c3 elementor-widget elementor-widget-heading\" data-id=\"d03b1c3\" data-element_type=\"widget\" data-e-type=\"widget\" data-widget_type=\"heading.default\">\n\t\t\t\t\t<h2 class=\"elementor-heading-title elementor-size-default\">Y\u00f6netim ve \u0130dari \u0130\u015fler<\/h2>\t\t\t\t<\/div>\n\t\t\t\t\t<\/div>\n\t\t\t\t<\/div>\n\t\t<div class=\"elementor-element elementor-element-0735771 e-flex e-con-boxed e-con e-parent\" data-id=\"0735771\" data-element_type=\"container\" data-e-type=\"container\">\n\t\t\t\t\t<div class=\"e-con-inner\">\n\t\t<div class=\"elementor-element elementor-element-c580788 e-con-full e-flex e-con e-child\" data-id=\"c580788\" data-element_type=\"container\" data-e-type=\"container\">\n\t\t\t\t<div class=\"elementor-element elementor-element-abb3640 elementor-widget elementor-widget-image\" data-id=\"abb3640\" data-element_type=\"widget\" data-e-type=\"widget\" data-widget_type=\"image.default\">\n\t\t\t\t\t\t\t\t\t\t\t\t\t\t\t<img fetchpriority=\"high\" decoding=\"async\" width=\"640\" height=\"594\" src=\"https:\/\/cocoon-verein.de\/wp-content\/uploads\/2026\/03\/Burak-Oegenc.webp\" class=\"attachment-large size-large wp-image-5878\" alt=\"\" srcset=\"https:\/\/cocoon-verein.de\/wp-content\/uploads\/2026\/03\/Burak-Oegenc.webp 984w, https:\/\/cocoon-verein.de\/wp-content\/uploads\/2026\/03\/Burak-Oegenc-300x278.webp 300w, https:\/\/cocoon-verein.de\/wp-content\/uploads\/2026\/03\/Burak-Oegenc-768x713.webp 768w\" sizes=\"(max-width: 640px) 100vw, 640px\" \/>\t\t\t\t\t\t\t\t\t\t\t\t\t\t\t<\/div>\n\t\t\t\t<\/div>\n\t\t<div class=\"elementor-element elementor-element-6464256 e-con-full e-flex e-con e-child\" data-id=\"6464256\" data-element_type=\"container\" data-e-type=\"container\">\n\t\t\t\t<div class=\"elementor-element elementor-element-d04f825 elementor-widget elementor-widget-heading\" data-id=\"d04f825\" data-element_type=\"widget\" data-e-type=\"widget\" data-widget_type=\"heading.default\">\n\t\t\t\t\t<h2 class=\"elementor-heading-title elementor-size-default\">Burak \u00d6genc<\/h2>\t\t\t\t<\/div>\n\t\t\t\t<div class=\"elementor-element elementor-element-d555e67 elementor-widget elementor-widget-text-editor\" data-id=\"d555e67\" data-element_type=\"widget\" data-e-type=\"widget\" data-widget_type=\"text-editor.default\">\n\t\t\t\t\t\t\t\t\t<p><strong>Y\u00f6netim Kurulu<\/strong><\/p>\t\t\t\t\t\t\t\t<\/div>\n\t\t\t\t<div class=\"elementor-element elementor-element-6875859 elementor-widget elementor-widget-contact-list\" data-id=\"6875859\" data-element_type=\"widget\" data-e-type=\"widget\" data-widget_type=\"contact-list.default\">\n\t\t\t\t<div class=\"elementor-widget-container\">\n\t\t\t\t\t\r\n        <div class=\"contact-media text-left\">\r\n            <ul class=\"list-unstyled mb-0 contact-info\">\r\n                                    <li>\r\n                        <i aria-hidden=\"true\" class=\"bi bi-telephone\"><\/i><span>Telefon<\/span><a href=\"tel:%20+49%2030%20\/%2094865827\">+49 30 \/ 94865827<\/a>                    <\/li>\r\n                                    <li>\r\n                        <i aria-hidden=\"true\" class=\"bi bi-envelope\"><\/i><span>E-posta<\/span><a href=\"mailto:iburak.oegenc@cocoon-verein.de\">burak.oegenc@cocoon-verein.de<\/a>                    <\/li>\r\n                            <\/ul>\r\n        <\/div>\r\n\r\n        \t\t\t\t<\/div>\n\t\t\t\t<\/div>\n\t\t\t\t<\/div>\n\t\t\t\t\t<\/div>\n\t\t\t\t<\/div>\n\t\t<div class=\"elementor-element elementor-element-da5cad2 e-flex e-con-boxed e-con e-parent\" data-id=\"da5cad2\" data-element_type=\"container\" data-e-type=\"container\">\n\t\t\t\t\t<div class=\"e-con-inner\">\n\t\t<div class=\"elementor-element elementor-element-355e9f0 e-con-full e-flex e-con e-child\" data-id=\"355e9f0\" data-element_type=\"container\" data-e-type=\"container\">\n\t\t\t\t<div class=\"elementor-element elementor-element-5ef839f elementor-widget elementor-widget-image\" data-id=\"5ef839f\" data-element_type=\"widget\" data-e-type=\"widget\" data-widget_type=\"image.default\">\n\t\t\t\t\t\t\t\t\t\t\t\t\t\t\t<img decoding=\"async\" width=\"640\" height=\"594\" src=\"https:\/\/cocoon-verein.de\/wp-content\/uploads\/2026\/03\/Michelle-Miller.webp\" class=\"attachment-large size-large wp-image-5903\" alt=\"\" srcset=\"https:\/\/cocoon-verein.de\/wp-content\/uploads\/2026\/03\/Michelle-Miller.webp 984w, https:\/\/cocoon-verein.de\/wp-content\/uploads\/2026\/03\/Michelle-Miller-300x278.webp 300w, https:\/\/cocoon-verein.de\/wp-content\/uploads\/2026\/03\/Michelle-Miller-768x713.webp 768w\" sizes=\"(max-width: 640px) 100vw, 640px\" \/>\t\t\t\t\t\t\t\t\t\t\t\t\t\t\t<\/div>\n\t\t\t\t<\/div>\n\t\t<div class=\"elementor-element elementor-element-0f5981b e-con-full e-flex e-con e-child\" data-id=\"0f5981b\" data-element_type=\"container\" data-e-type=\"container\">\n\t\t\t\t<div class=\"elementor-element elementor-element-0aaeaac elementor-widget elementor-widget-heading\" data-id=\"0aaeaac\" data-element_type=\"widget\" data-e-type=\"widget\" data-widget_type=\"heading.default\">\n\t\t\t\t\t<h2 class=\"elementor-heading-title elementor-size-default\">Michelle Miller<\/h2>\t\t\t\t<\/div>\n\t\t\t\t<div class=\"elementor-element elementor-element-9b974f4 elementor-widget elementor-widget-text-editor\" data-id=\"9b974f4\" data-element_type=\"widget\" data-e-type=\"widget\" data-widget_type=\"text-editor.default\">\n\t\t\t\t\t\t\t\t\t<p><strong>Genel M\u00fcd\u00fcr Yard\u0131mc\u0131s\u0131 \/ \u0130dari \u0130\u015fler Ba\u015fkan\u0131<\/strong><\/p>\t\t\t\t\t\t\t\t<\/div>\n\t\t\t\t<div class=\"elementor-element elementor-element-df5238e elementor-widget elementor-widget-contact-list\" data-id=\"df5238e\" data-element_type=\"widget\" data-e-type=\"widget\" data-widget_type=\"contact-list.default\">\n\t\t\t\t<div class=\"elementor-widget-container\">\n\t\t\t\t\t\r\n        <div class=\"contact-media text-left\">\r\n            <ul class=\"list-unstyled mb-0 contact-info\">\r\n                                    <li>\r\n                        <i aria-hidden=\"true\" class=\"bi bi-telephone\"><\/i><span>Telefon<\/span><a href=\"tel:%20+49%20176%2072180741\">+49 176 72180741<\/a>                    <\/li>\r\n                                    <li>\r\n                        <i aria-hidden=\"true\" class=\"bi bi-envelope\"><\/i><span>E-posta<\/span><a href=\"mailto:info@cocoon-verein.de\">info@cocoon-verein.de<\/a>                    <\/li>\r\n                            <\/ul>\r\n        <\/div>\r\n\r\n        \t\t\t\t<\/div>\n\t\t\t\t<\/div>\n\t\t\t\t<\/div>\n\t\t\t\t\t<\/div>\n\t\t\t\t<\/div>\n\t\t<div class=\"elementor-element elementor-element-1c8e86d e-flex e-con-boxed e-con e-parent\" data-id=\"1c8e86d\" data-element_type=\"container\" data-e-type=\"container\">\n\t\t\t\t\t<div class=\"e-con-inner\">\n\t\t\t\t<div class=\"elementor-element elementor-element-e127c74 elementor-widget elementor-widget-heading\" data-id=\"e127c74\" data-element_type=\"widget\" data-e-type=\"widget\" data-widget_type=\"heading.default\">\n\t\t\t\t\t<h2 class=\"elementor-heading-title elementor-size-default\">\u0130\u00e7 Organizasyon ve Y\u00f6netim<\/h2>\t\t\t\t<\/div>\n\t\t\t\t\t<\/div>\n\t\t\t\t<\/div>\n\t\t<div class=\"elementor-element elementor-element-1523a98 e-flex e-con-boxed e-con e-parent\" data-id=\"1523a98\" data-element_type=\"container\" data-e-type=\"container\">\n\t\t\t\t\t<div class=\"e-con-inner\">\n\t\t<div class=\"elementor-element elementor-element-bdf0f71 e-con-full e-flex e-con e-child\" data-id=\"bdf0f71\" data-element_type=\"container\" data-e-type=\"container\">\n\t\t\t\t<div class=\"elementor-element elementor-element-1068021 elementor-widget elementor-widget-image\" data-id=\"1068021\" data-element_type=\"widget\" data-e-type=\"widget\" data-widget_type=\"image.default\">\n\t\t\t\t\t\t\t\t\t\t\t\t\t\t\t<img decoding=\"async\" width=\"640\" height=\"594\" src=\"https:\/\/cocoon-verein.de\/wp-content\/uploads\/2026\/03\/Isabell-Glauz.webp\" class=\"attachment-large size-large wp-image-5908\" alt=\"\" srcset=\"https:\/\/cocoon-verein.de\/wp-content\/uploads\/2026\/03\/Isabell-Glauz.webp 984w, https:\/\/cocoon-verein.de\/wp-content\/uploads\/2026\/03\/Isabell-Glauz-300x278.webp 300w, https:\/\/cocoon-verein.de\/wp-content\/uploads\/2026\/03\/Isabell-Glauz-768x713.webp 768w\" sizes=\"(max-width: 640px) 100vw, 640px\" \/>\t\t\t\t\t\t\t\t\t\t\t\t\t\t\t<\/div>\n\t\t\t\t<div class=\"elementor-element elementor-element-f1943e6 elementor-widget elementor-widget-heading\" data-id=\"f1943e6\" data-element_type=\"widget\" data-e-type=\"widget\" data-widget_type=\"heading.default\">\n\t\t\t\t\t<h2 class=\"elementor-heading-title elementor-size-default\">Isabell Glauz<\/h2>\t\t\t\t<\/div>\n\t\t\t\t<div class=\"elementor-element elementor-element-53dc525 elementor-widget elementor-widget-text-editor\" data-id=\"53dc525\" data-element_type=\"widget\" data-e-type=\"widget\" data-widget_type=\"text-editor.default\">\n\t\t\t\t\t\t\t\t\t<p>Apfelhaus ev y\u00f6netimi<\/p>\t\t\t\t\t\t\t\t<\/div>\n\t\t\t\t<div class=\"elementor-element elementor-element-c26d5ab elementor-widget elementor-widget-contact-list\" data-id=\"c26d5ab\" data-element_type=\"widget\" data-e-type=\"widget\" data-widget_type=\"contact-list.default\">\n\t\t\t\t<div class=\"elementor-widget-container\">\n\t\t\t\t\t\r\n        <div class=\"contact-media text-left\">\r\n            <ul class=\"list-unstyled mb-0 contact-info\">\r\n                                    <li>\r\n                        <i aria-hidden=\"true\" class=\"bi bi-telephone\"><\/i><span>Telefon<\/span><a href=\"tel:+49%2030\/61749493\">+49 30 \/ 61749493<\/a>                    <\/li>\r\n                                    <li>\r\n                        <i aria-hidden=\"true\" class=\"bi bi-envelope\"><\/i><span>E-posta<\/span><a href=\"mailto:Isabell.glauz@cocoon-verein.de\">Isabell.glauz@cocoon-verein.de<\/a>                    <\/li>\r\n                            <\/ul>\r\n        <\/div>\r\n\r\n        \t\t\t\t<\/div>\n\t\t\t\t<\/div>\n\t\t\t\t<\/div>\n\t\t<div class=\"elementor-element elementor-element-32cb914 e-con-full e-flex e-con e-child\" data-id=\"32cb914\" data-element_type=\"container\" data-e-type=\"container\">\n\t\t\t\t<div class=\"elementor-element elementor-element-bf58851 elementor-widget elementor-widget-image\" data-id=\"bf58851\" data-element_type=\"widget\" data-e-type=\"widget\" data-widget_type=\"image.default\">\n\t\t\t\t\t\t\t\t\t\t\t\t\t\t\t<img loading=\"lazy\" decoding=\"async\" width=\"640\" height=\"594\" src=\"https:\/\/cocoon-verein.de\/wp-content\/uploads\/2026\/03\/Celina-Sidow.webp\" class=\"attachment-large size-large wp-image-5915\" alt=\"\" \/>\t\t\t\t\t\t\t\t\t\t\t\t\t\t\t<\/div>\n\t\t\t\t<div class=\"elementor-element elementor-element-b00728b elementor-widget elementor-widget-heading\" data-id=\"b00728b\" data-element_type=\"widget\" data-e-type=\"widget\" data-widget_type=\"heading.default\">\n\t\t\t\t\t<h2 class=\"elementor-heading-title elementor-size-default\">Celina Sidow<\/h2>\t\t\t\t<\/div>\n\t\t\t\t<div class=\"elementor-element elementor-element-382c1cb elementor-widget elementor-widget-text-editor\" data-id=\"382c1cb\" data-element_type=\"widget\" data-e-type=\"widget\" data-widget_type=\"text-editor.default\">\n\t\t\t\t\t\t\t\t\t<p>Sekreterya<\/p>\t\t\t\t\t\t\t\t<\/div>\n\t\t\t\t<div class=\"elementor-element elementor-element-2cb9dfb elementor-widget elementor-widget-contact-list\" data-id=\"2cb9dfb\" data-element_type=\"widget\" data-e-type=\"widget\" data-widget_type=\"contact-list.default\">\n\t\t\t\t<div class=\"elementor-widget-container\">\n\t\t\t\t\t\r\n        <div class=\"contact-media text-left\">\r\n            <ul class=\"list-unstyled mb-0 contact-info\">\r\n                                    <li>\r\n                        <i aria-hidden=\"true\" class=\"bi bi-telephone\"><\/i><span>Telefon<\/span><a href=\"tel:+49%2030%20\/%2094865827\">+49 30 \/ 94865827<\/a>                    <\/li>\r\n                                    <li>\r\n                        <i aria-hidden=\"true\" class=\"bi bi-envelope\"><\/i><span>E-posta<\/span><a href=\"mailto:Sidow.Celina@cocoon-verein.de\">Sidow.Celina@cocoon-verein.de<\/a>                    <\/li>\r\n                            <\/ul>\r\n        <\/div>\r\n\r\n        \t\t\t\t<\/div>\n\t\t\t\t<\/div>\n\t\t\t\t<\/div>\n\t\t<div class=\"elementor-element elementor-element-4d0f36f e-con-full e-flex e-con e-child\" data-id=\"4d0f36f\" data-element_type=\"container\" data-e-type=\"container\">\n\t\t\t\t<div class=\"elementor-element elementor-element-351a9d7 elementor-widget elementor-widget-image\" data-id=\"351a9d7\" data-element_type=\"widget\" data-e-type=\"widget\" data-widget_type=\"image.default\">\n\t\t\t\t\t\t\t\t\t\t\t\t\t\t\t<img loading=\"lazy\" decoding=\"async\" width=\"640\" height=\"594\" src=\"https:\/\/cocoon-verein.de\/wp-content\/uploads\/2026\/03\/Martine-Ladd.webp\" class=\"attachment-large size-large wp-image-5917\" alt=\"\" srcset=\"https:\/\/cocoon-verein.de\/wp-content\/uploads\/2026\/03\/Martine-Ladd.webp 984w, https:\/\/cocoon-verein.de\/wp-content\/uploads\/2026\/03\/Martine-Ladd-300x278.webp 300w, https:\/\/cocoon-verein.de\/wp-content\/uploads\/2026\/03\/Martine-Ladd-768x713.webp 768w\" sizes=\"(max-width: 640px) 100vw, 640px\" \/>\t\t\t\t\t\t\t\t\t\t\t\t\t\t\t<\/div>\n\t\t\t\t<div class=\"elementor-element elementor-element-49f2e2b elementor-widget elementor-widget-heading\" data-id=\"49f2e2b\" data-element_type=\"widget\" data-e-type=\"widget\" data-widget_type=\"heading.default\">\n\t\t\t\t\t<h2 class=\"elementor-heading-title elementor-size-default\">Martine Ladd<\/h2>\t\t\t\t<\/div>\n\t\t\t\t<div class=\"elementor-element elementor-element-4cb743b elementor-widget elementor-widget-text-editor\" data-id=\"4cb743b\" data-element_type=\"widget\" data-e-type=\"widget\" data-widget_type=\"text-editor.default\">\n\t\t\t\t\t\t\t\t\t<p>\u0130\u00e7 organizasyonun y\u00f6netimi<\/p>\t\t\t\t\t\t\t\t<\/div>\n\t\t\t\t<div class=\"elementor-element elementor-element-a46d42c elementor-widget elementor-widget-contact-list\" data-id=\"a46d42c\" data-element_type=\"widget\" data-e-type=\"widget\" data-widget_type=\"contact-list.default\">\n\t\t\t\t<div class=\"elementor-widget-container\">\n\t\t\t\t\t\r\n        <div class=\"contact-media text-left\">\r\n            <ul class=\"list-unstyled mb-0 contact-info\">\r\n                                    <li>\r\n                        <i aria-hidden=\"true\" class=\"bi bi-telephone\"><\/i><span>Telefon<\/span><a href=\"tel:+49%20176%207535631\">+49 176 75356314<\/a>                    <\/li>\r\n                                    <li>\r\n                        <i aria-hidden=\"true\" class=\"bi bi-envelope\"><\/i><span>E-posta<\/span><a href=\"mailto:martine.ladd@cocoon-verein.de\">martine.ladd@cocoon-verein.de<\/a>                    <\/li>\r\n                            <\/ul>\r\n        <\/div>\r\n\r\n        \t\t\t\t<\/div>\n\t\t\t\t<\/div>\n\t\t\t\t<\/div>\n\t\t\t\t\t<\/div>\n\t\t\t\t<\/div>\n\t\t\t\t<\/div>","protected":false},"excerpt":{"rendered":"<p>Unser Team &amp; Unsere Struktur Bei Cocoon Jugend- und Familienhilfe stehen die Menschen im Mittelpunkt \u2013 sowohl die Kinder undJugendlichen, die wir begleiten, als auch unsere Mitarbeitenden. Unser Team vereint fachliche Kompetenz,Erfahrung in der Jugendhilfe und eine Haltung, die von Wertsch\u00e4tzung und Partizipation gepr\u00e4gt ist. Gesch\u00e4ftsf\u00fchrung &amp; Verwaltung Burak \u00d6genc Gesch\u00e4ftsf\u00fchrender Vorstand Telefon+49 30 \/ [&hellip;]<\/p>\n","protected":false},"author":1,"featured_media":0,"parent":0,"menu_order":0,"comment_status":"closed","ping_status":"closed","template":"","meta":{"_acf_changed":false,"footnotes":""},"class_list":["post-5879","page","type-page","status-publish","hentry"],"acf":[],"_links":{"self":[{"href":"https:\/\/cocoon-verein.de\/tr\/wp-json\/wp\/v2\/pages\/5879","targetHints":{"allow":["GET"]}}],"collection":[{"href":"https:\/\/cocoon-verein.de\/tr\/wp-json\/wp\/v2\/pages"}],"about":[{"href":"https:\/\/cocoon-verein.de\/tr\/wp-json\/wp\/v2\/types\/page"}],"author":[{"embeddable":true,"href":"https:\/\/cocoon-verein.de\/tr\/wp-json\/wp\/v2\/users\/1"}],"replies":[{"embeddable":true,"href":"https:\/\/cocoon-verein.de\/tr\/wp-json\/wp\/v2\/comments?post=5879"}],"version-history":[{"count":42,"href":"https:\/\/cocoon-verein.de\/tr\/wp-json\/wp\/v2\/pages\/5879\/revisions"}],"predecessor-version":[{"id":6015,"href":"https:\/\/cocoon-verein.de\/tr\/wp-json\/wp\/v2\/pages\/5879\/revisions\/6015"}],"wp:attachment":[{"href":"https:\/\/cocoon-verein.de\/tr\/wp-json\/wp\/v2\/media?parent=5879"}],"curies":[{"name":"wp","href":"https:\/\/api.w.org\/{rel}","templated":true}]}}