{"id":5755,"date":"2026-03-16T22:02:36","date_gmt":"2026-03-16T21:02:36","guid":{"rendered":"https:\/\/lernen-perfekt.de\/?page_id=5755"},"modified":"2026-03-16T22:07:40","modified_gmt":"2026-03-16T21:07:40","slug":"impressum","status":"publish","type":"page","link":"https:\/\/cocoon-verein.de\/tr\/impressum\/","title":{"rendered":"Kurumsal k\u00fcnye"},"content":{"rendered":"<div data-elementor-type=\"wp-page\" data-elementor-id=\"5755\" class=\"elementor elementor-5755\" data-elementor-post-type=\"page\">\n\t\t\t\t<div class=\"elementor-element elementor-element-c94638c e-flex e-con-boxed e-con e-parent\" data-id=\"c94638c\" data-element_type=\"container\" data-e-type=\"container\">\n\t\t\t\t\t<div class=\"e-con-inner\">\n\t\t\t\t<div class=\"elementor-element elementor-element-1abde20 elementor-widget elementor-widget-text-editor\" data-id=\"1abde20\" data-element_type=\"widget\" data-e-type=\"widget\" data-widget_type=\"text-editor.default\">\n\t\t\t\t\t\t\t\t\t<p><strong>Kurumsal k\u00fcnye<\/strong><\/p>\n<p><strong>\u00a7 5 TMG uyar\u0131nca bilgi<\/strong><\/p>\n<p>Cocoon Verein eV<\/p>\n<p>Marktstra\u00dfe 1, 13597 Berlin<\/p>\n<p>030 94865827<\/p>\n<p>info@cocoon-verein.de<\/p>\n<p>www.cocoon-verein.de<\/p>\n<p><strong>Temsilcisi:<\/strong><\/p>\n<p>Burak \u00d6genc, Y\u00f6netim Kurulu Ba\u015fkan\u0131<\/p>\n<p><strong>Dernekler siciline kay\u0131t:<\/strong><\/p>\n<p>Charlottenburg B\u00f6lge Mahkemesi'nde kay\u0131tl\u0131d\u0131r.<\/p>\n<p>Kay\u0131t numaras\u0131: 40330<\/p>\n<p><strong>RStV \u00a7 55 Abs. 2 uyar\u0131nca i\u00e7erikten sorumlu ki\u015fi:<\/strong><\/p>\n<p>Burak \u00d6genc<\/p>\n<p><strong>\u0130\u00e7erikten kaynaklanan sorumluluk<\/strong><\/p>\n<p>Hizmet sa\u011flay\u0131c\u0131 olarak, Alman Telemedya Yasas\u0131'n\u0131n (TMG) 7. B\u00f6l\u00fcm 1. Paragraf\u0131 uyar\u0131nca bu sayfalardaki kendi i\u00e7eri\u011fimizden sorumluyuz. Bununla birlikte, TMG'nin 8 ila 10. B\u00f6l\u00fcmlerine g\u00f6re, iletilen veya saklanan \u00fc\u00e7\u00fcnc\u00fc taraf bilgilerini izlemek veya yasa d\u0131\u015f\u0131 faaliyeti g\u00f6steren durumlar\u0131 ara\u015ft\u0131rmakla y\u00fck\u00fcml\u00fc de\u011filiz. Genel hukuk kapsam\u0131ndaki bilgilerin kald\u0131r\u0131lmas\u0131 veya kullan\u0131m\u0131n\u0131n engellenmesi y\u00fck\u00fcml\u00fcl\u00fckleri etkilenmeden kal\u0131r. Ancak, bu konudaki sorumluluk, ancak belirli bir yasal ihlalden haberdar oldu\u011fumuz andan itibaren m\u00fcmk\u00fcnd\u00fcr. Bu t\u00fcr yasal ihlallerden haberdar oldu\u011fumuzda, ilgili i\u00e7eri\u011fi derhal kald\u0131raca\u011f\u0131z.<\/p>\n<p><strong>Ba\u011flant\u0131lar i\u00e7in sorumluluk<\/strong><\/p>\n<p>Web sitemiz, i\u00e7eri\u011fi \u00fczerinde hi\u00e7bir kontrol\u00fcm\u00fcz olmayan \u00fc\u00e7\u00fcnc\u00fc \u015fah\u0131slara ait harici web sitelerine ba\u011flant\u0131lar i\u00e7ermektedir. Bu nedenle, bu harici i\u00e7erikten dolay\u0131 herhangi bir sorumluluk kabul edemeyiz. Ba\u011flant\u0131 verilen sayfalar\u0131n ilgili sa\u011flay\u0131c\u0131s\u0131 veya i\u015fletmecisi, i\u00e7eriklerinden her zaman sorumludur. Ba\u011flant\u0131lar olu\u015fturuldu\u011fu s\u0131rada, ba\u011flant\u0131 verilen sayfalar olas\u0131 yasal ihlaller a\u00e7\u0131s\u0131ndan kontrol edilmi\u015ftir. Ba\u011flant\u0131lar olu\u015fturuldu\u011fu s\u0131rada yasa d\u0131\u015f\u0131 i\u00e7erik tespit edilmemi\u015ftir. Bununla birlikte, yasal bir ihlale dair somut bir kan\u0131t olmadan, ba\u011flant\u0131 verilen sayfalar\u0131n i\u00e7eri\u011finin s\u00fcrekli olarak izlenmesi makul de\u011fildir. Yasal ihlallerin bildirilmesi \u00fczerine, bu t\u00fcr ba\u011flant\u0131lar\u0131 derhal kald\u0131raca\u011f\u0131z.<\/p>\n<p><strong>telif hakk\u0131<\/strong><\/p>\n<p>Bu sayfalarda web sitesi operat\u00f6rleri taraf\u0131ndan olu\u015fturulan i\u00e7erik ve eserler Alman telif hakk\u0131 yasas\u0131na tabidir. Telif hakk\u0131 yasas\u0131n\u0131n s\u0131n\u0131rlar\u0131n\u0131n \u00f6tesinde \u00e7o\u011faltma, i\u015fleme, da\u011f\u0131t\u0131m ve her t\u00fcrl\u00fc kullan\u0131m, ilgili yazar\u0131n veya yarat\u0131c\u0131n\u0131n yaz\u0131l\u0131 iznini gerektirir. Bu sayfan\u0131n indirilmesi ve kopyalanmas\u0131 yaln\u0131zca \u00f6zel, ticari olmayan kullan\u0131m i\u00e7in izinlidir. Bu sayfadaki i\u00e7erik operat\u00f6r taraf\u0131ndan olu\u015fturulmam\u0131\u015fsa, \u00fc\u00e7\u00fcnc\u00fc taraflar\u0131n telif haklar\u0131na sayg\u0131 g\u00f6sterilir. \u00d6zellikle, \u00fc\u00e7\u00fcnc\u00fc taraf i\u00e7erik bu \u015fekilde belirtilir. Yine de bir telif hakk\u0131 ihlali fark ederseniz, l\u00fctfen bizi bilgilendirin. Yasal ihlallerin bildirilmesi \u00fczerine, s\u00f6z konusu i\u00e7eri\u011fi derhal kald\u0131raca\u011f\u0131z.<\/p>\n<p><strong>Uyu\u015fmazl\u0131k \u00e7\u00f6z\u00fcm\u00fc<\/strong><\/p>\n<p>Avrupa Komisyonu, \u00e7evrimi\u00e7i anla\u015fmazl\u0131k \u00e7\u00f6z\u00fcm\u00fc (ODR) i\u00e7in bir platform sa\u011flamaktad\u0131r:&nbsp;<a href=\"https:\/\/ec.europa.eu\/consumers\/odr\">https:\/\/ec.europa.eu\/consumers\/odr<\/a>.<\/p>\n<p>E-posta adresimizi yukar\u0131daki yasal bildirimde bulabilirsiniz.<\/p>\n<p>T\u00fcketici tahkim kurulu \u00f6n\u00fcnde uyu\u015fmazl\u0131k \u00e7\u00f6z\u00fcmleme s\u00fcre\u00e7lerine kat\u0131lmaya ne istekliyiz ne de y\u00fck\u00fcml\u00fcy\u00fcz.&nbsp;<\/p>\t\t\t\t\t\t\t\t<\/div>\n\t\t\t\t\t<\/div>\n\t\t\t\t<\/div>\n\t\t\t\t<\/div>","protected":false},"excerpt":{"rendered":"<p>Impressum Angaben gem\u00e4\u00df \u00a7 5 TMG Cocoon Verein e.V. Marktstra\u00dfe 1, 13597 Berlin 030 94865827 Info@cocoon-verein.de www.cocoon-verein.de Vertreten durch: Burak \u00d6genc Vorstandsvorsitzenden Eintragung im Vereinsregister: Eingetragen beim Amtsgericht Charlottenburg Registernummer: 40330 Verantwortlich f\u00fcr den Inhalt nach \u00a7 55 Abs. 2 RStV: Burak \u00d6genc Haftung f\u00fcr Inhalte Als Diensteanbieter sind wir gem\u00e4\u00df \u00a7 7 Abs.1 TMG [&hellip;]<\/p>\n","protected":false},"author":1,"featured_media":0,"parent":0,"menu_order":0,"comment_status":"closed","ping_status":"closed","template":"","meta":{"_acf_changed":false,"footnotes":""},"class_list":["post-5755","page","type-page","status-publish","hentry"],"acf":[],"_links":{"self":[{"href":"https:\/\/cocoon-verein.de\/tr\/wp-json\/wp\/v2\/pages\/5755","targetHints":{"allow":["GET"]}}],"collection":[{"href":"https:\/\/cocoon-verein.de\/tr\/wp-json\/wp\/v2\/pages"}],"about":[{"href":"https:\/\/cocoon-verein.de\/tr\/wp-json\/wp\/v2\/types\/page"}],"author":[{"embeddable":true,"href":"https:\/\/cocoon-verein.de\/tr\/wp-json\/wp\/v2\/users\/1"}],"replies":[{"embeddable":true,"href":"https:\/\/cocoon-verein.de\/tr\/wp-json\/wp\/v2\/comments?post=5755"}],"version-history":[{"count":8,"href":"https:\/\/cocoon-verein.de\/tr\/wp-json\/wp\/v2\/pages\/5755\/revisions"}],"predecessor-version":[{"id":5765,"href":"https:\/\/cocoon-verein.de\/tr\/wp-json\/wp\/v2\/pages\/5755\/revisions\/5765"}],"wp:attachment":[{"href":"https:\/\/cocoon-verein.de\/tr\/wp-json\/wp\/v2\/media?parent=5755"}],"curies":[{"name":"wp","href":"https:\/\/api.w.org\/{rel}","templated":true}]}}