{"id":5755,"date":"2026-03-16T22:02:36","date_gmt":"2026-03-16T21:02:36","guid":{"rendered":"https:\/\/lernen-perfekt.de\/?page_id=5755"},"modified":"2026-03-16T22:07:40","modified_gmt":"2026-03-16T21:07:40","slug":"impressum","status":"publish","type":"page","link":"https:\/\/cocoon-verein.de\/en\/impressum\/","title":{"rendered":"imprint"},"content":{"rendered":"<div data-elementor-type=\"wp-page\" data-elementor-id=\"5755\" class=\"elementor elementor-5755\" data-elementor-post-type=\"page\">\n\t\t\t\t<div class=\"elementor-element elementor-element-c94638c e-flex e-con-boxed e-con e-parent\" data-id=\"c94638c\" data-element_type=\"container\" data-e-type=\"container\">\n\t\t\t\t\t<div class=\"e-con-inner\">\n\t\t\t\t<div class=\"elementor-element elementor-element-1abde20 elementor-widget elementor-widget-text-editor\" data-id=\"1abde20\" data-element_type=\"widget\" data-e-type=\"widget\" data-widget_type=\"text-editor.default\">\n\t\t\t\t\t\t\t\t\t<p><strong>imprint<\/strong><\/p>\n<p><strong>Information according to \u00a7 5 TMG<\/strong><\/p>\n<p>Cocoon Verein eV<\/p>\n<p>Marktstra\u00dfe 1, 13597 Berlin<\/p>\n<p>030 94865827<\/p>\n<p>Info@cocoon-verein.de<\/p>\n<p>www.cocoon-verein.de<\/p>\n<p><strong>Represented by:<\/strong><\/p>\n<p>Burak \u00d6genc, Chairman of the Board<\/p>\n<p><strong>Entry in the register of associations:<\/strong><\/p>\n<p>Registered at the Charlottenburg District Court<\/p>\n<p>Registration number: 40330<\/p>\n<p><strong>Responsible for the content according to \u00a7 55 Abs. 2 RStV:<\/strong><\/p>\n<p>Burak Ogenc<\/p>\n<p><strong>Liability for content<\/strong><\/p>\n<p>As a service provider, we are responsible for our own content on these pages in accordance with Section 7 Paragraph 1 of the German Telemedia Act (TMG). However, according to Sections 8 to 10 of the TMG, we are not obligated to monitor transmitted or stored third-party information or to investigate circumstances that indicate illegal activity. Obligations to remove or block the use of information under general law remain unaffected. However, liability in this respect is only possible from the point at which we become aware of a specific legal infringement. Upon becoming aware of such legal infringements, we will remove the relevant content immediately.<\/p>\n<p><strong>Liability for links<\/strong><\/p>\n<p>Our website contains links to external websites of third parties, over whose content we have no control. Therefore, we cannot assume any liability for this external content. The respective provider or operator of the linked pages is always responsible for their content. The linked pages were checked for possible legal violations at the time the links were created. Illegal content was not identified at the time the links were created. However, continuous monitoring of the content of linked pages is not reasonable without concrete evidence of a legal violation. Upon notification of legal violations, we will remove such links immediately.<\/p>\n<p><strong>copyright<\/strong><\/p>\n<p>The content and works created by the website operators on these pages are subject to German copyright law. Reproduction, processing, distribution, and any form of exploitation beyond the limits of copyright law require the written consent of the respective author or creator. Downloads and copies of this page are permitted only for private, non-commercial use. Insofar as the content on this page was not created by the operator, the copyrights of third parties are respected. In particular, third-party content is identified as such. Should you nevertheless become aware of a copyright infringement, please inform us accordingly. Upon notification of legal violations, we will remove such content immediately.<\/p>\n<p><strong>Dispute resolution<\/strong><\/p>\n<p>The European Commission provides a platform for online dispute resolution (ODR):&nbsp;<a href=\"https:\/\/ec.europa.eu\/consumers\/odr\">https:\/\/ec.europa.eu\/consumers\/odr<\/a>.<\/p>\n<p>You can find our email address in the legal notice above.<\/p>\n<p>We are neither willing nor obligated to participate in dispute resolution proceedings before a consumer arbitration board.&nbsp;<\/p>\t\t\t\t\t\t\t\t<\/div>\n\t\t\t\t\t<\/div>\n\t\t\t\t<\/div>\n\t\t\t\t<\/div>","protected":false},"excerpt":{"rendered":"<p>Impressum Angaben gem\u00e4\u00df \u00a7 5 TMG Cocoon Verein e.V. Marktstra\u00dfe 1, 13597 Berlin 030 94865827 Info@cocoon-verein.de www.cocoon-verein.de Vertreten durch: Burak \u00d6genc Vorstandsvorsitzenden Eintragung im Vereinsregister: Eingetragen beim Amtsgericht Charlottenburg Registernummer: 40330 Verantwortlich f\u00fcr den Inhalt nach \u00a7 55 Abs. 2 RStV: Burak \u00d6genc Haftung f\u00fcr Inhalte Als Diensteanbieter sind wir gem\u00e4\u00df \u00a7 7 Abs.1 TMG [&hellip;]<\/p>\n","protected":false},"author":1,"featured_media":0,"parent":0,"menu_order":0,"comment_status":"closed","ping_status":"closed","template":"","meta":{"_acf_changed":false,"footnotes":""},"class_list":["post-5755","page","type-page","status-publish","hentry"],"acf":[],"_links":{"self":[{"href":"https:\/\/cocoon-verein.de\/en\/wp-json\/wp\/v2\/pages\/5755","targetHints":{"allow":["GET"]}}],"collection":[{"href":"https:\/\/cocoon-verein.de\/en\/wp-json\/wp\/v2\/pages"}],"about":[{"href":"https:\/\/cocoon-verein.de\/en\/wp-json\/wp\/v2\/types\/page"}],"author":[{"embeddable":true,"href":"https:\/\/cocoon-verein.de\/en\/wp-json\/wp\/v2\/users\/1"}],"replies":[{"embeddable":true,"href":"https:\/\/cocoon-verein.de\/en\/wp-json\/wp\/v2\/comments?post=5755"}],"version-history":[{"count":8,"href":"https:\/\/cocoon-verein.de\/en\/wp-json\/wp\/v2\/pages\/5755\/revisions"}],"predecessor-version":[{"id":5765,"href":"https:\/\/cocoon-verein.de\/en\/wp-json\/wp\/v2\/pages\/5755\/revisions\/5765"}],"wp:attachment":[{"href":"https:\/\/cocoon-verein.de\/en\/wp-json\/wp\/v2\/media?parent=5755"}],"curies":[{"name":"wp","href":"https:\/\/api.w.org\/{rel}","templated":true}]}}